{"id":729,"date":"2021-08-24T09:01:50","date_gmt":"2021-08-24T07:01:50","guid":{"rendered":"https:\/\/cantinesolda.it\/?post_type=product&#038;p=729"},"modified":"2024-03-27T10:45:22","modified_gmt":"2024-03-27T08:45:22","slug":"malbech-veneto-igt","status":"publish","type":"product","link":"https:\/\/cantinesolda.it\/deu\/shop\/rossi\/malbech-veneto-igt\/","title":{"rendered":"MALBECH VENETO IGT"},"content":{"rendered":"<div class=\"row .main-row\"  id=\"row-2005448757\">\n\n\t<div id=\"col-767279597\" class=\"col medium-6 small-12 large-6\"  >\n\t\t\t\t<div class=\"col-inner\"  >\n\t\t\t\n\t\t\t\n<h2><span style=\"font-size: 160%; color: #c3174a;\">Technisches Datenblatt<\/span><\/h2>\n\n<table>\n<tbody class=\"scheda-tecnica\">\n<tr>\n<td style=\"width: 50px;\" data-column=\"key\"><img loading=\"lazy\" decoding=\"async\" class=\"alignnone size-full wp-image-776\" src=\"https:\/\/cantinesolda.it\/wp-content\/uploads\/2021\/08\/vitigno.png\" alt=\"\" width=\"40\" height=\"40\" srcset=\"https:\/\/cantinesolda.it\/wp-content\/uploads\/2021\/08\/vitigno.png 150w, https:\/\/cantinesolda.it\/wp-content\/uploads\/2021\/08\/vitigno-100x100.png 100w\" sizes=\"auto, (max-width: 40px) 100vw, 40px\" \/><\/td>\n<td data-column=\"value\"><span style=\"color: #c3174a; font-weight: bold;\">REBSORTE: <\/span>Malbech<\/td>\n<\/tr>\n<tr>\n<td style=\"width: 50px;\" data-column=\"key\"><img loading=\"lazy\" decoding=\"async\" class=\"alignnone size-full wp-image-805\" src=\"https:\/\/cantinesolda.it\/wp-content\/uploads\/2021\/09\/classificazione-tag.png\" alt=\"classificazione\" width=\"40\" height=\"40\" \/><\/td>\n<td data-column=\"value\"><span style=\"color: #c3174a; font-weight: bold;\">QUALIT\u00c4TSSTUFE: <\/span>Veneto IGT<\/td>\n<\/tr>\n<tr>\n<td style=\"width: 50px;\" data-column=\"key\"><img loading=\"lazy\" decoding=\"async\" class=\"alignnone size-full wp-image-778\" src=\"https:\/\/cantinesolda.it\/wp-content\/uploads\/2021\/08\/gradazione.png\" alt=\"gradazione\" width=\"40\" height=\"40\" srcset=\"https:\/\/cantinesolda.it\/wp-content\/uploads\/2021\/08\/gradazione.png 150w, https:\/\/cantinesolda.it\/wp-content\/uploads\/2021\/08\/gradazione-100x100.png 100w\" sizes=\"auto, (max-width: 40px) 100vw, 40px\" \/><\/td>\n<td data-column=\"value\"><span style=\"color: #c3174a; font-weight: bold;\">ALKOHOLGEHALT: <\/span>12,5%<\/td>\n<\/tr>\n<tr>\n<td style=\"width: 50px;\" data-column=\"key\"><img loading=\"lazy\" decoding=\"async\" class=\"alignnone size-full wp-image-777\" src=\"https:\/\/cantinesolda.it\/wp-content\/uploads\/2021\/08\/formato.png\" alt=\"formato\" width=\"40\" height=\"40\" srcset=\"https:\/\/cantinesolda.it\/wp-content\/uploads\/2021\/08\/formato.png 150w, https:\/\/cantinesolda.it\/wp-content\/uploads\/2021\/08\/formato-100x100.png 100w\" sizes=\"auto, (max-width: 40px) 100vw, 40px\" \/><\/td>\n<td data-column=\"value\"><span style=\"color: #c3174a; font-weight: bold;\">NETTOF\u00dcLLMENGE: <\/span>0,75 l<\/td>\n<\/tr>\n<tr>\n<td style=\"width: 50px;\" data-column=\"key\"><img loading=\"lazy\" decoding=\"async\" class=\"alignnone size-full wp-image-784\" src=\"https:\/\/cantinesolda.it\/wp-content\/uploads\/2021\/08\/temperatura-1.png\" alt=\"temperatura\" width=\"40\" height=\"40\" srcset=\"https:\/\/cantinesolda.it\/wp-content\/uploads\/2021\/08\/temperatura-1.png 150w, https:\/\/cantinesolda.it\/wp-content\/uploads\/2021\/08\/temperatura-1-100x100.png 100w\" sizes=\"auto, (max-width: 40px) 100vw, 40px\" \/><\/td>\n<td data-column=\"value\"><span style=\"color: #c3174a; font-weight: bold;\">TRINKTEMPERATUR: <\/span>6-8 \u00b0C<\/td>\n<\/tr>\n<tr>\n<td style=\"width: 50px;\" data-column=\"key\"><img loading=\"lazy\" decoding=\"async\" class=\"alignnone size-full wp-image-783\" src=\"https:\/\/cantinesolda.it\/wp-content\/uploads\/2021\/08\/colore.png\" alt=\"colore\" width=\"40\" height=\"40\" \/><\/td>\n<td data-column=\"value\"><span style=\"color: #c3174a; font-weight: bold;\">FARBE: <\/span>Rubinrot<\/td>\n<\/tr>\n<tr>\n<td style=\"width: 50px;\" data-column=\"key\"><img loading=\"lazy\" decoding=\"async\" class=\"alignnone size-full wp-image-783\" src=\"https:\/\/cantinesolda.it\/wp-content\/uploads\/2021\/08\/profumo.png\" alt=\"profumo\" width=\"40\" height=\"40\" \/><\/td>\n<td data-column=\"value\"><span style=\"color: #c3174a; font-weight: bold;\">DUFT: <\/span>Violett und schwarze Kirsche<\/td>\n<\/tr>\n<tr>\n<td style=\"width: 50px;\" data-column=\"key\"><img loading=\"lazy\" decoding=\"async\" class=\"alignnone size-full wp-image-783\" src=\"https:\/\/cantinesolda.it\/wp-content\/uploads\/2021\/08\/sapore.png\" alt=\"sapore\" width=\"40\" height=\"40\" \/><\/td>\n<td data-column=\"value\"><span style=\"color: #c3174a; font-weight: bold;\">GESCHMACK: <\/span>Rund und zart<\/td>\n<\/tr>\n<tr>\n<td style=\"width: 50px;\" data-column=\"key\"><\/td>\n<td data-column=\"value\">Hergestellt in Italien - Enth\u00e4lt Sulfite<\/td>\n<\/tr>\n<\/tbody>\n<\/table>\n\n\t\t<\/div>\n\t\t\t\t\t<\/div>\n\n\t\n\n\t<div id=\"col-185771644\" class=\"col medium-6 small-12 large-6\"  >\n\t\t\t\t<div class=\"col-inner\"  >\n\t\t\t\n\t\t\t\n<h2><span style=\"font-size: 160%; color: #c3174a;\">Verkostungsnotizen<\/span><\/h2>\n<p>Der <strong>Malbech<\/strong> ist ein tief rubinroter, weiniger und intensiver Wein, der in der Jugend ein leicht kr\u00e4uterartiges Himbeeraroma aufweist.<\/p>\n<p>Er kann auch gelagert werden, aber seine Vorz\u00fcge kommen am besten in den ersten zwei Jahren zur Geltung.<\/p>\n<h2><span style=\"font-size: 160%; color: #c3174a;\">Passt Zu<\/span><\/h2>\n<p>Er passt zu allen Fleischgerichten, vom Aufschnitt bis zum Braten.<\/p>\n<p><img loading=\"lazy\" decoding=\"async\" class=\"alignnone\" src=\"https:\/\/cantinesolda.it\/wp-content\/uploads\/2021\/10\/pasta.png\" alt=\"\" width=\"40\" height=\"40\" \/> <img loading=\"lazy\" decoding=\"async\" class=\"alignnone\" src=\"https:\/\/cantinesolda.it\/wp-content\/uploads\/2021\/10\/formaggi.png\" alt=\"\" width=\"40\" height=\"40\" \/> <img loading=\"lazy\" decoding=\"async\" class=\"alignnone\" src=\"https:\/\/cantinesolda.it\/wp-content\/uploads\/2021\/10\/carne.png\" alt=\"\" width=\"40\" height=\"40\" \/> <img loading=\"lazy\" decoding=\"async\" class=\"alignnone\" src=\"https:\/\/cantinesolda.it\/wp-content\/uploads\/2021\/10\/selvaggina.png\" alt=\"\" width=\"40\" height=\"40\" \/><\/p>\n\t\t<\/div>\n\t\t\t\t\t<\/div>\n\n\t\n<\/div>\n<div class=\"row align-middle\"  id=\"row-1809394581\">\n\n\t<div id=\"col-992395951\" class=\"col medium-12 small-12 large-8\"  >\n\t\t\t\t<div class=\"col-inner\"  >\n\t\t\t\n\t\t\t\n\t<div class=\"img has-hover x md-x lg-x y md-y lg-y\" id=\"image_2103324808\">\n\t\t<a class=\"image-lightbox lightbox-gallery\" title=\"\" href=\"https:\/\/cantinesolda.it\/wp-content\/uploads\/2022\/01\/Uve-Malbech.jpg\">\t\t\t\t\t\t<div class=\"img-inner box-shadow-2 dark\" style=\"margin:0px 0px -40px 0px;\">\n\t\t\t<img loading=\"lazy\" decoding=\"async\" width=\"1020\" height=\"719\" src=\"https:\/\/cantinesolda.it\/wp-content\/uploads\/2022\/01\/Uve-Malbech.jpg\" class=\"attachment-large size-large\" alt=\"Uve Malbech\" srcset=\"https:\/\/cantinesolda.it\/wp-content\/uploads\/2022\/01\/Uve-Malbech.jpg 1024w, https:\/\/cantinesolda.it\/wp-content\/uploads\/2022\/01\/Uve-Malbech-567x400.jpg 567w, https:\/\/cantinesolda.it\/wp-content\/uploads\/2022\/01\/Uve-Malbech-768x542.jpg 768w, https:\/\/cantinesolda.it\/wp-content\/uploads\/2022\/01\/Uve-Malbech-18x12.jpg 18w, https:\/\/cantinesolda.it\/wp-content\/uploads\/2022\/01\/Uve-Malbech-600x423.jpg 600w\" sizes=\"auto, (max-width: 1020px) 100vw, 1020px\" \/>\t\t\t\t\t\t\n\t\t\t\t\t<\/div>\n\t\t\t\t\t\t<\/a>\t\t\n<style>\n#image_2103324808 {\n  width: 100%;\n}\n<\/style>\n\t<\/div>\n\t\n\t\t<\/div>\n\t\t\t\t\t<\/div>\n\n\t\n\n\t<div id=\"col-874301220\" class=\"col medium-12 small-12 large-4 medium-col-first\"  >\n\t\t\t\t<div class=\"col-inner text-center\"  >\n\t\t\t\n\t\t\t\n\t<div id=\"text-3343979923\" class=\"text\">\n\t\t\n<h2><span style=\"font-size: 160%; color: #c3174a;\">Weinbereitung<\/span><\/h2>\n<p>Im unteren <strong>Piave-Tals<\/strong> (Weinbaugebiet), in Rot und mit zuvor entrappten Trauben.<\/p>\n<p>Mazeration zusammen mit dem Trester f\u00fcr etwa 7-10 Tage mit 2 Umf\u00fcllungen pro Tag.<\/p>\n<p>Entsteinen und sanftes Auspressen des Tresters.<\/p>\n<p>Am Ende der G\u00e4rung regelm\u00e4\u00dfiges Abstechen, um eine gute Klarheit des Weins zu gew\u00e4hrleisten.<br \/>\n\t\t\n<style>\n#text-3343979923 {\n  text-align: left;\n}\n<\/style>\n\t<\/div>\n\t\n\t\t<\/div>\n\t\t\t\t\n<style>\n#col-874301220 > .col-inner {\n  padding: 5% 0% 5% 5%;\n  max-width: 850px;\n}\n<\/style>\n\t<\/div>\n\n\t\n<\/div>\n<div class=\"row align-middle\"  id=\"row-1158668556\">\n\n\t<div id=\"col-1734834505\" class=\"col medium-12 small-12 large-5\"  >\n\t\t\t\t<div class=\"col-inner text-center\"  >\n\t\t\t\n\t\t\t\n\t<div id=\"text-1288292673\" class=\"text\">\n\t\t\n<h2><span style=\"font-size: 160%; color: #c3174a;\">Verfeinerung<\/span><\/h2>\n\t\t\n<style>\n#text-1288292673 {\n  text-align: left;\n}\n<\/style>\n\t<\/div>\n\t\n\t<div id=\"text-155199068\" class=\"text\">\n\t\t\n<p>L&#8217;affinamento e riposo di questo vino avviene nelle nostre cantine in piccoli recipienti d&#8217;acciaio da 16 fino a 40 hl (richiede un sapore pi\u00f9 netto e privo delle influenze del legno).<\/p>\n\t\t\n<style>\n#text-155199068 {\n  text-align: left;\n}\n<\/style>\n\t<\/div>\n\t\n\t\t<\/div>\n\t\t\t\t\n<style>\n#col-1734834505 > .col-inner {\n  padding: 5% 0% 5% 5%;\n  max-width: 850px;\n}\n<\/style>\n\t<\/div>\n\n\t\n\n\t<div id=\"col-1660297374\" class=\"col medium-12 small-12 large-7\"  >\n\t\t\t\t<div class=\"col-inner text-center\"  >\n\t\t\t\n\t\t\t\n\t<div class=\"img has-hover x md-x lg-x y md-y lg-y\" id=\"image_570180158\">\n\t\t<a class=\"image-lightbox lightbox-gallery\" title=\"\" href=\"https:\/\/cantinesolda.it\/wp-content\/uploads\/2022\/03\/Bottiglia-Malbech-602x800-1.jpeg\">\t\t\t\t\t\t<div class=\"img-inner box-shadow-2 dark\" style=\"margin:-40px 0px 0px 0px;\">\n\t\t\t<img loading=\"lazy\" decoding=\"async\" width=\"602\" height=\"800\" src=\"https:\/\/cantinesolda.it\/wp-content\/uploads\/2022\/03\/Bottiglia-Malbech-602x800-1.jpeg\" class=\"attachment-large size-large\" alt=\"Bottiglia Malbech\" srcset=\"https:\/\/cantinesolda.it\/wp-content\/uploads\/2022\/03\/Bottiglia-Malbech-602x800-1.jpeg 602w, https:\/\/cantinesolda.it\/wp-content\/uploads\/2022\/03\/Bottiglia-Malbech-602x800-1-301x400.jpeg 301w, https:\/\/cantinesolda.it\/wp-content\/uploads\/2022\/03\/Bottiglia-Malbech-602x800-1-9x12.jpeg 9w, https:\/\/cantinesolda.it\/wp-content\/uploads\/2022\/03\/Bottiglia-Malbech-602x800-1-600x797.jpeg 600w\" sizes=\"auto, (max-width: 602px) 100vw, 602px\" \/>\t\t\t\t\t\t\n\t\t\t\t\t<\/div>\n\t\t\t\t\t\t<\/a>\t\t\n<style>\n#image_570180158 {\n  width: 100%;\n}\n@media (min-width:550px) {\n  #image_570180158 {\n    width: 70%;\n  }\n}\n<\/style>\n\t<\/div>\n\t\n\t\t<\/div>\n\t\t\t\t\t<\/div>\n\n\t\n<\/div>","protected":false},"excerpt":{"rendered":"<div class=\"disponibilita-container\">\n<div class=\"row\"  id=\"row-959385496\">\n\n\t<div id=\"col-471817272\" class=\"col col-disponibilita-sx medium-1\/2 large-6\"  >\n\t\t\t\t<div class=\"col-inner\"  >\n\t\t\t\n\t\t\t\n<div class=\"disponibilita-logo\"><img loading=\"lazy\" decoding=\"async\" class=\"\" src=\"https:\/\/cantinesolda.it\/wp-content\/uploads\/2021\/09\/shipping-64x32-1.png\" width=\"64\" height=\"32\" \/><span style=\"color: #006600;\"><strong> DISPONIBILIT\u00c0<\/strong><\/span><br \/>\n<span style=\"color: #282828;\">Disponibilit\u00e0 immediata<\/span><br \/>\n<span style=\"color: #006600;\">Evasione ordine in 24 ore<\/span>\t\t<\/div>\n\t\t\t\t\t<\/div>\n\n\t<\/div>\n\n\t<div id=\"col-1806435276\" class=\"col col-disponibilita-dx medium-1\/2 large-6\"  >\n\t\t\t\t<div class=\"col-inner\"  >\n\t\t\t\n\t\t\t\n<div><img loading=\"lazy\" decoding=\"async\" class=\"alignnone wp-image-1550\" src=\"https:\/\/cantinesolda.it\/wp-content\/uploads\/2021\/10\/box.png\" alt=\"\" width=\"31\" height=\"32\" \/> <span style=\"color: #f7940c;\"><strong>CONSEGNA GRATIS<\/strong><\/span><br \/>\n<span style=\"color: #282828;\">per ordini superiori a 50\u20ac<\/span><br \/>\n<span style=\"color: #f7940c;\">Altrimenti solo 7,90\u20ac<\/span>\t\t<\/div>\n\t\t\t\t\t<\/div>\n\n\t<\/div>\n<\/div>\n<\/div>\n<div class=\"telefono-modal\" style=\"text-align: center;\">\n<table style=\"margin: 1rem 0 2rem;\">\n<tbody class=\"intro\">\n<tr>\n<td style=\"width: 30px;\" data-column=\"key\"><img loading=\"lazy\" decoding=\"async\" class=\"alignnone size-full wp-image-776\" src=\"https:\/\/cantinesolda.it\/wp-content\/uploads\/2021\/09\/rossi-64x64-1.png\" alt=\"\" width=\"30\" height=\"30\" \/><\/td>\n<td style=\"line-height: 0.8; width: 50%;\" data-column=\"value\"><span style=\"font-weight: bold;\">TIPO DI VINO<\/span><\/p>\n<p>Rosso<\/td>\n<td style=\"width: 40px;\" data-column=\"key\"><img loading=\"lazy\" decoding=\"async\" class=\"alignnone size-full wp-image-776\" src=\"https:\/\/cantinesolda.it\/wp-content\/uploads\/2021\/09\/corpo-64x64-1.png\" alt=\"\" width=\"40\" height=\"40\" \/><\/td>\n<td style=\"line-height: 0.8;\" data-column=\"value\"><span style=\"font-weight: bold;\">CORPO<\/span><\/p>\n<p>Medio<\/td>\n<\/tr>\n<tr>\n<td style=\"width: 30px;\" data-column=\"key\"><img loading=\"lazy\" decoding=\"async\" class=\"alignnone size-full wp-image-776\" src=\"https:\/\/cantinesolda.it\/wp-content\/uploads\/2021\/09\/botte-64x64-1.png\" alt=\"\" width=\"40\" height=\"40\" \/><\/td>\n<td style=\"line-height: 0.8; width: 50%;\" data-column=\"value\"><span style=\"font-weight: bold;\">PASSAGGIO IN BOTTE<\/span><\/p>\n<p>Nessuno<\/td>\n<td style=\"width: 40px;\" data-column=\"key\"><img loading=\"lazy\" decoding=\"async\" class=\"alignnone size-full wp-image-776\" src=\"https:\/\/cantinesolda.it\/wp-content\/uploads\/2021\/10\/floreale-64x64-1.png\" alt=\"\" width=\"40\" height=\"40\" \/><\/td>\n<td style=\"line-height: 0.8;\" data-column=\"value\"><span style=\"font-weight: bold;\">AROMI<\/span><\/p>\n<p>Morbido e Delicato<\/td>\n<\/tr>\n<tr>\n<td style=\"width: 30px;\" data-column=\"key\"><img loading=\"lazy\" decoding=\"async\" class=\"alignnone size-full wp-image-776\" src=\"https:\/\/cantinesolda.it\/wp-content\/uploads\/2021\/09\/abbinamenti-64x64-1.png\" alt=\"\" width=\"40\" height=\"40\" \/><\/td>\n<td style=\"line-height: 0.8; width: 50%;\" data-column=\"value\"><span style=\"font-weight: bold;\">IDEALE CON<\/span><\/p>\n<p>Primi Piatti, Carne, Formaggi<\/td>\n<\/tr>\n<tr>\n<td style=\"width: 30px;\" data-column=\"key\"><img loading=\"lazy\" decoding=\"async\" class=\"alignnone size-full wp-image-776\" src=\"https:\/\/cantinesolda.it\/wp-content\/uploads\/2021\/09\/origine-64x64-1.png\" alt=\"\" width=\"40\" height=\"40\" \/><\/td>\n<td style=\"line-height: 0.8; width: 50%;\" data-column=\"value\"><span style=\"font-weight: bold;\">ORIGINE<\/span><\/p>\n<p>Veneto<\/td>\n<\/tr>\n<\/tbody>\n<\/table>\n<\/div>\n<p class=\"phone-button\"><a href=\"tel:0445473037\">ORDINA PER TELEFONO<\/a><\/p>\n<div class=\"wrapper\"><a class=\"phone-modal\" href=\"#demo-modal\">ORDINA PER TELEFONO<\/a><\/div>\n<div id=\"demo-modal\" class=\"modal\">\n<div class=\"modal__content\">\n<h1>Ordinare per telefono \u00e8 facile, comodo, veloce!<\/h1>\n<p>Contattaci al seguente numero<br \/>\n<img loading=\"lazy\" decoding=\"async\" src=\"https:\/\/cantinesolda.it\/wp-content\/uploads\/2021\/09\/phone-solda.png\" alt=\"numero telefono Cantine Sold\u00e0\" width=\"300\" height=\"66\" \/><\/p>\n<p>Puoi chiamarci:<\/p>\n<p><strong>von MONTAG bis FREITAG ge\u00f6ffnet<\/strong><br \/>\n8:30 \/ 12:30 \u2013 14:30 \/ 19:00<\/p>\n<p><strong>SAMSTAG<\/strong><br \/>\n8:30 \/ 12:30<\/p>\n<p><a class=\"modal__close\" href=\"#\">X<\/a><\/p>\n<\/div>\n<\/div>","protected":false},"featured_media":878,"comment_status":"closed","ping_status":"closed","template":"","meta":{"_acf_changed":false},"product_brand":[],"product_cat":[69],"product_tag":[],"class_list":{"0":"post-729","1":"product","2":"type-product","3":"status-publish","4":"has-post-thumbnail","6":"product_cat-rossi","8":"first","9":"instock","10":"taxable","11":"shipping-taxable","12":"purchasable","13":"product-type-simple"},"acf":[],"_links":{"self":[{"href":"https:\/\/cantinesolda.it\/deu\/wp-json\/wp\/v2\/product\/729","targetHints":{"allow":["GET"]}}],"collection":[{"href":"https:\/\/cantinesolda.it\/deu\/wp-json\/wp\/v2\/product"}],"about":[{"href":"https:\/\/cantinesolda.it\/deu\/wp-json\/wp\/v2\/types\/product"}],"replies":[{"embeddable":true,"href":"https:\/\/cantinesolda.it\/deu\/wp-json\/wp\/v2\/comments?post=729"}],"wp:featuredmedia":[{"embeddable":true,"href":"https:\/\/cantinesolda.it\/deu\/wp-json\/wp\/v2\/media\/878"}],"wp:attachment":[{"href":"https:\/\/cantinesolda.it\/deu\/wp-json\/wp\/v2\/media?parent=729"}],"wp:term":[{"taxonomy":"product_brand","embeddable":true,"href":"https:\/\/cantinesolda.it\/deu\/wp-json\/wp\/v2\/product_brand?post=729"},{"taxonomy":"product_cat","embeddable":true,"href":"https:\/\/cantinesolda.it\/deu\/wp-json\/wp\/v2\/product_cat?post=729"},{"taxonomy":"product_tag","embeddable":true,"href":"https:\/\/cantinesolda.it\/deu\/wp-json\/wp\/v2\/product_tag?post=729"}],"curies":[{"name":"wp","href":"https:\/\/api.w.org\/{rel}","templated":true}]}}